{"id":61,"date":"2021-04-01T12:17:55","date_gmt":"2021-04-01T10:17:55","guid":{"rendered":"https:\/\/www.swisstours-voyages.ch\/?page_id=61"},"modified":"2021-04-03T14:25:57","modified_gmt":"2021-04-03T12:25:57","slug":"europa-park","status":"publish","type":"page","link":"https:\/\/www.swisstours-voyages.ch\/en\/europa-park\/","title":{"rendered":"Europa Park"},"content":{"rendered":"\t\t<div data-elementor-type=\"wp-page\" data-elementor-id=\"61\" class=\"elementor elementor-61\" data-elementor-post-type=\"page\">\n\t\t\t\t\t\t<section class=\"elementor-section elementor-top-section elementor-element elementor-element-a606e48 elementor-section-boxed elementor-section-height-default elementor-section-height-default\" data-id=\"a606e48\" data-element_type=\"section\" data-e-type=\"section\">\n\t\t\t\t\t\t<div class=\"elementor-container elementor-column-gap-default\">\n\t\t\t\t\t<div class=\"elementor-column elementor-col-100 elementor-top-column elementor-element elementor-element-77b5ae6\" data-id=\"77b5ae6\" data-element_type=\"column\" data-e-type=\"column\">\n\t\t\t<div class=\"elementor-widget-wrap elementor-element-populated\">\n\t\t\t\t\t\t<div class=\"elementor-element elementor-element-868588a elementor-arrows-position-inside elementor-pagination-position-outside elementor-widget elementor-widget-image-carousel\" data-id=\"868588a\" data-element_type=\"widget\" data-e-type=\"widget\" data-settings=\"{&quot;slides_to_show&quot;:&quot;1&quot;,&quot;autoplay&quot;:&quot;no&quot;,&quot;navigation&quot;:&quot;both&quot;,&quot;infinite&quot;:&quot;yes&quot;,&quot;effect&quot;:&quot;slide&quot;,&quot;speed&quot;:500}\" data-widget_type=\"image-carousel.default\">\n\t\t\t\t<div class=\"elementor-widget-container\">\n\t\t\t\t\t\t\t<div class=\"elementor-image-carousel-wrapper swiper\" role=\"region\" aria-roledescription=\"carousel\" aria-label=\"Image Carousel\" dir=\"ltr\">\n\t\t\t<div class=\"elementor-image-carousel swiper-wrapper\" aria-live=\"polite\">\n\t\t\t\t\t\t\t\t<div class=\"swiper-slide\" role=\"group\" aria-roledescription=\"slide\" aria-label=\"1 of 7\"><a data-elementor-open-lightbox=\"yes\" data-elementor-lightbox-slideshow=\"868588a\" data-elementor-lightbox-title=\"sttv_2020_Europa Park6_2048_10\" data-e-action-hash=\"#elementor-action%3Aaction%3Dlightbox%26settings%3DeyJpZCI6IjcyIiwidXJsIjoiaHR0cHM6XC9cL3d3dy5zd2lzc3RvdXJzLXZveWFnZXMuY2hcL3dwLWNvbnRlbnRcL3VwbG9hZHNcL3NpdGVzXC82XC8yMDIxXC8wNFwvc3R0dl8yMDIwX0V1cm9wYS1QYXJrNl8yMDQ4XzEwLTEuanBnIiwic2xpZGVzaG93IjoiODY4NTg4YSJ9\" href=\"https:\/\/www.swisstours-voyages.ch\/wp-content\/uploads\/sites\/6\/2021\/04\/sttv_2020_Europa-Park6_2048_10-1.jpg\"><figure class=\"swiper-slide-inner\"><img decoding=\"async\" class=\"swiper-slide-image\" src=\"https:\/\/www.swisstours-voyages.ch\/wp-content\/uploads\/sites\/6\/2021\/04\/sttv_2020_Europa-Park6_2048_10-1.jpg\" alt=\"sttv_2020_Europa Park6_2048_10\" \/><\/figure><\/a><\/div><div class=\"swiper-slide\" role=\"group\" aria-roledescription=\"slide\" aria-label=\"2 of 7\"><a data-elementor-open-lightbox=\"yes\" data-elementor-lightbox-slideshow=\"868588a\" data-elementor-lightbox-title=\"sttv_2020_Europa Park7_2048_10\" data-e-action-hash=\"#elementor-action%3Aaction%3Dlightbox%26settings%3DeyJpZCI6Ijc0IiwidXJsIjoiaHR0cHM6XC9cL3d3dy5zd2lzc3RvdXJzLXZveWFnZXMuY2hcL3dwLWNvbnRlbnRcL3VwbG9hZHNcL3NpdGVzXC82XC8yMDIxXC8wNFwvc3R0dl8yMDIwX0V1cm9wYS1QYXJrN18yMDQ4XzEwLmpwZyIsInNsaWRlc2hvdyI6Ijg2ODU4OGEifQ%3D%3D\" href=\"https:\/\/www.swisstours-voyages.ch\/wp-content\/uploads\/sites\/6\/2021\/04\/sttv_2020_Europa-Park7_2048_10.jpg\"><figure class=\"swiper-slide-inner\"><img decoding=\"async\" class=\"swiper-slide-image\" src=\"https:\/\/www.swisstours-voyages.ch\/wp-content\/uploads\/sites\/6\/2021\/04\/sttv_2020_Europa-Park7_2048_10.jpg\" alt=\"sttv_2020_Europa Park7_2048_10\" \/><\/figure><\/a><\/div><div class=\"swiper-slide\" role=\"group\" aria-roledescription=\"slide\" aria-label=\"3 of 7\"><a data-elementor-open-lightbox=\"yes\" data-elementor-lightbox-slideshow=\"868588a\" data-elementor-lightbox-title=\"sttv_2020_Europa Park8_2048_10\" data-e-action-hash=\"#elementor-action%3Aaction%3Dlightbox%26settings%3DeyJpZCI6Ijc2IiwidXJsIjoiaHR0cHM6XC9cL3d3dy5zd2lzc3RvdXJzLXZveWFnZXMuY2hcL3dwLWNvbnRlbnRcL3VwbG9hZHNcL3NpdGVzXC82XC8yMDIxXC8wNFwvc3R0dl8yMDIwX0V1cm9wYS1QYXJrOF8yMDQ4XzEwLmpwZyIsInNsaWRlc2hvdyI6Ijg2ODU4OGEifQ%3D%3D\" href=\"https:\/\/www.swisstours-voyages.ch\/wp-content\/uploads\/sites\/6\/2021\/04\/sttv_2020_Europa-Park8_2048_10.jpg\"><figure class=\"swiper-slide-inner\"><img decoding=\"async\" class=\"swiper-slide-image\" src=\"https:\/\/www.swisstours-voyages.ch\/wp-content\/uploads\/sites\/6\/2021\/04\/sttv_2020_Europa-Park8_2048_10.jpg\" alt=\"sttv_2020_Europa Park8_2048_10\" \/><\/figure><\/a><\/div><div class=\"swiper-slide\" role=\"group\" aria-roledescription=\"slide\" aria-label=\"4 of 7\"><a data-elementor-open-lightbox=\"yes\" data-elementor-lightbox-slideshow=\"868588a\" data-elementor-lightbox-title=\"sttv_2020_Europa Park1_2048_10\" data-e-action-hash=\"#elementor-action%3Aaction%3Dlightbox%26settings%3DeyJpZCI6Ijc4IiwidXJsIjoiaHR0cHM6XC9cL3d3dy5zd2lzc3RvdXJzLXZveWFnZXMuY2hcL3dwLWNvbnRlbnRcL3VwbG9hZHNcL3NpdGVzXC82XC8yMDIxXC8wNFwvc3R0dl8yMDIwX0V1cm9wYS1QYXJrMV8yMDQ4XzEwLmpwZyIsInNsaWRlc2hvdyI6Ijg2ODU4OGEifQ%3D%3D\" href=\"https:\/\/www.swisstours-voyages.ch\/wp-content\/uploads\/sites\/6\/2021\/04\/sttv_2020_Europa-Park1_2048_10.jpg\"><figure class=\"swiper-slide-inner\"><img decoding=\"async\" class=\"swiper-slide-image\" src=\"https:\/\/www.swisstours-voyages.ch\/wp-content\/uploads\/sites\/6\/2021\/04\/sttv_2020_Europa-Park1_2048_10.jpg\" alt=\"sttv_2020_Europa Park1_2048_10\" \/><\/figure><\/a><\/div><div class=\"swiper-slide\" role=\"group\" aria-roledescription=\"slide\" aria-label=\"5 of 7\"><a data-elementor-open-lightbox=\"yes\" data-elementor-lightbox-slideshow=\"868588a\" data-elementor-lightbox-title=\"sttv_2020_Europa Park2_2048_10\" data-e-action-hash=\"#elementor-action%3Aaction%3Dlightbox%26settings%3DeyJpZCI6IjgwIiwidXJsIjoiaHR0cHM6XC9cL3d3dy5zd2lzc3RvdXJzLXZveWFnZXMuY2hcL3dwLWNvbnRlbnRcL3VwbG9hZHNcL3NpdGVzXC82XC8yMDIxXC8wNFwvc3R0dl8yMDIwX0V1cm9wYS1QYXJrMl8yMDQ4XzEwLmpwZyIsInNsaWRlc2hvdyI6Ijg2ODU4OGEifQ%3D%3D\" href=\"https:\/\/www.swisstours-voyages.ch\/wp-content\/uploads\/sites\/6\/2021\/04\/sttv_2020_Europa-Park2_2048_10.jpg\"><figure class=\"swiper-slide-inner\"><img decoding=\"async\" class=\"swiper-slide-image\" src=\"https:\/\/www.swisstours-voyages.ch\/wp-content\/uploads\/sites\/6\/2021\/04\/sttv_2020_Europa-Park2_2048_10.jpg\" alt=\"sttv_2020_Europa Park2_2048_10\" \/><\/figure><\/a><\/div><div class=\"swiper-slide\" role=\"group\" aria-roledescription=\"slide\" aria-label=\"6 of 7\"><a data-elementor-open-lightbox=\"yes\" data-elementor-lightbox-slideshow=\"868588a\" data-elementor-lightbox-title=\"sttv_2020_Europa Park3_2048_10\" data-e-action-hash=\"#elementor-action%3Aaction%3Dlightbox%26settings%3DeyJpZCI6IjgyIiwidXJsIjoiaHR0cHM6XC9cL3d3dy5zd2lzc3RvdXJzLXZveWFnZXMuY2hcL3dwLWNvbnRlbnRcL3VwbG9hZHNcL3NpdGVzXC82XC8yMDIxXC8wNFwvc3R0dl8yMDIwX0V1cm9wYS1QYXJrM18yMDQ4XzEwLmpwZyIsInNsaWRlc2hvdyI6Ijg2ODU4OGEifQ%3D%3D\" href=\"https:\/\/www.swisstours-voyages.ch\/wp-content\/uploads\/sites\/6\/2021\/04\/sttv_2020_Europa-Park3_2048_10.jpg\"><figure class=\"swiper-slide-inner\"><img decoding=\"async\" class=\"swiper-slide-image\" src=\"https:\/\/www.swisstours-voyages.ch\/wp-content\/uploads\/sites\/6\/2021\/04\/sttv_2020_Europa-Park3_2048_10.jpg\" alt=\"sttv_2020_Europa Park3_2048_10\" \/><\/figure><\/a><\/div><div class=\"swiper-slide\" role=\"group\" aria-roledescription=\"slide\" aria-label=\"7 of 7\"><a data-elementor-open-lightbox=\"yes\" data-elementor-lightbox-slideshow=\"868588a\" data-elementor-lightbox-title=\"OLYMPUS DIGITAL CAMERA\" data-e-action-hash=\"#elementor-action%3Aaction%3Dlightbox%26settings%3DeyJpZCI6Ijg2IiwidXJsIjoiaHR0cHM6XC9cL3d3dy5zd2lzc3RvdXJzLXZveWFnZXMuY2hcL3dwLWNvbnRlbnRcL3VwbG9hZHNcL3NpdGVzXC82XC8yMDIxXC8wNFwvc3R0dl8yMDIwX0V1cm9wYS1QYXJrNV8yMDQ4XzEwLmpwZyIsInNsaWRlc2hvdyI6Ijg2ODU4OGEifQ%3D%3D\" href=\"https:\/\/www.swisstours-voyages.ch\/wp-content\/uploads\/sites\/6\/2021\/04\/sttv_2020_Europa-Park5_2048_10.jpg\"><figure class=\"swiper-slide-inner\"><img decoding=\"async\" class=\"swiper-slide-image\" src=\"https:\/\/www.swisstours-voyages.ch\/wp-content\/uploads\/sites\/6\/2021\/04\/sttv_2020_Europa-Park5_2048_10.jpg\" alt=\"OLYMPUS DIGITAL CAMERA\" \/><\/figure><\/a><\/div>\t\t\t<\/div>\n\t\t\t\t\t\t\t\t\t\t\t\t<div class=\"elementor-swiper-button elementor-swiper-button-prev\" role=\"button\" tabindex=\"0\">\n\t\t\t\t\t\t<i aria-hidden=\"true\" class=\"eicon-chevron-left\"><\/i>\t\t\t\t\t<\/div>\n\t\t\t\t\t<div class=\"elementor-swiper-button elementor-swiper-button-next\" role=\"button\" tabindex=\"0\">\n\t\t\t\t\t\t<i aria-hidden=\"true\" class=\"eicon-chevron-right\"><\/i>\t\t\t\t\t<\/div>\n\t\t\t\t\n\t\t\t\t\t\t\t\t\t<div class=\"swiper-pagination\"><\/div>\n\t\t\t\t\t\t\t\t\t<\/div>\n\t\t\t\t\t\t<\/div>\n\t\t\t\t<\/div>\n\t\t\t\t\t<\/div>\n\t\t<\/div>\n\t\t\t\t\t<\/div>\n\t\t<\/section>\n\t\t\t\t<section class=\"elementor-section elementor-top-section elementor-element elementor-element-368df70 elementor-section-boxed elementor-section-height-default elementor-section-height-default\" data-id=\"368df70\" data-element_type=\"section\" data-e-type=\"section\">\n\t\t\t\t\t\t<div class=\"elementor-container elementor-column-gap-default\">\n\t\t\t\t\t<div class=\"elementor-column elementor-col-100 elementor-top-column elementor-element elementor-element-6527b43\" data-id=\"6527b43\" data-element_type=\"column\" data-e-type=\"column\">\n\t\t\t<div class=\"elementor-widget-wrap elementor-element-populated\">\n\t\t\t\t\t\t<div class=\"elementor-element elementor-element-c08a272 elementor-align-center elementor-widget elementor-widget-button\" data-id=\"c08a272\" data-element_type=\"widget\" data-e-type=\"widget\" data-widget_type=\"button.default\">\n\t\t\t\t<div class=\"elementor-widget-container\">\n\t\t\t\t\t\t\t\t\t<div class=\"elementor-button-wrapper\">\n\t\t\t\t\t<a class=\"elementor-button elementor-button-link elementor-size-sm\" href=\"https:\/\/sttvo.tripbooker.ch\/FR\/PARCS-ATTRACTIONS\/1-jour\/VOJ034-2\/swisstours-voyages-to-europa-park-allemagne-au-depart-de-geneve-en-autocar-avec-entree-679.html\" target=\"_blank\">\n\t\t\t\t\t\t<span class=\"elementor-button-content-wrapper\">\n\t\t\t\t\t\t\t\t\t<span class=\"elementor-button-text\">R\u00e9server ici<\/span>\n\t\t\t\t\t<\/span>\n\t\t\t\t\t<\/a>\n\t\t\t\t<\/div>\n\t\t\t\t\t\t\t\t<\/div>\n\t\t\t\t<\/div>\n\t\t\t\t\t<\/div>\n\t\t<\/div>\n\t\t\t\t\t<\/div>\n\t\t<\/section>\n\t\t\t\t<section class=\"elementor-section elementor-top-section elementor-element elementor-element-24e24fd elementor-section-boxed elementor-section-height-default elementor-section-height-default\" data-id=\"24e24fd\" data-element_type=\"section\" data-e-type=\"section\">\n\t\t\t\t\t\t<div class=\"elementor-container elementor-column-gap-default\">\n\t\t\t\t\t<div class=\"elementor-column elementor-col-100 elementor-top-column elementor-element elementor-element-9449d76\" data-id=\"9449d76\" data-element_type=\"column\" data-e-type=\"column\">\n\t\t\t<div class=\"elementor-widget-wrap elementor-element-populated\">\n\t\t\t\t\t\t<div class=\"elementor-element elementor-element-3afe30d elementor-widget elementor-widget-text-editor\" data-id=\"3afe30d\" data-element_type=\"widget\" data-e-type=\"widget\" data-widget_type=\"text-editor.default\">\n\t\t\t\t<div class=\"elementor-widget-container\">\n\t\t\t\t\t\t\t\t\t<p>\u00c0 Europa-Park, dans l\u2019univers aquatique Rulantica et dans les h\u00f4tels th\u00e9matiques, pas moins de 5 000 personnes travaillent chaque jour pour dessiner des sourires sur vos visages. Leur but est de vous concocter un s\u00e9jour inoubliable chez eux, dans le plus pur esprit de leur devise \u00ab S\u2019\u00e9vader. S\u2019\u00e9clater. Ensemble \u00bb.<\/p><p>En 2019, Europa-Park a accueilli pas moins de 5,8 millions de visiteurs, et compte plus de 100 attractions, 18 quartiers th\u00e9matiques, six h\u00f4tels th\u00e9matiques ainsi qu\u2019un univers aquatique. Il attire non seulement les foules, mais il est aussi devenu une entreprise essentielle \u00e0 l\u2019\u00e9conomie de la r\u00e9gion.<\/p><p><em>Around 5,000 people work at Europa-Park, the Rulantica water world and the associated themed hotels every day, to put a smile on your face. Their goal is to create your most unforgettable stay with them, true to their motto: Experience. Time. Together.<\/em><\/p><p><em>In 2019, Europa-Park with around 5.8 million visitors, over 100 attractions, 18 themed areas, 6 themed hotels and the associated water world Rulantica, is not only a visitor magnet, but also an important company for the regional economy.<\/em><\/p>\t\t\t\t\t\t\t\t<\/div>\n\t\t\t\t<\/div>\n\t\t\t\t\t<\/div>\n\t\t<\/div>\n\t\t\t\t\t<\/div>\n\t\t<\/section>\n\t\t\t\t<section class=\"elementor-section elementor-top-section elementor-element elementor-element-c31c8a1 elementor-section-boxed elementor-section-height-default elementor-section-height-default\" data-id=\"c31c8a1\" data-element_type=\"section\" data-e-type=\"section\">\n\t\t\t\t\t\t<div class=\"elementor-container elementor-column-gap-default\">\n\t\t\t\t\t<div class=\"elementor-column elementor-col-100 elementor-top-column elementor-element elementor-element-5e48572\" data-id=\"5e48572\" data-element_type=\"column\" data-e-type=\"column\">\n\t\t\t<div class=\"elementor-widget-wrap elementor-element-populated\">\n\t\t\t\t\t\t<div class=\"elementor-element elementor-element-902fa54 elementor-widget elementor-widget-image\" data-id=\"902fa54\" data-element_type=\"widget\" data-e-type=\"widget\" data-widget_type=\"image.default\">\n\t\t\t\t<div class=\"elementor-widget-container\">\n\t\t\t\t\t\t\t\t\t\t\t\t\t\t\t\t<a href=\"https:\/\/www.swisstours-voyages.ch\/wp-content\/uploads\/sites\/6\/2021\/04\/sttv_2020_Europa-Park_Plan1_2048_10.jpg\" data-elementor-open-lightbox=\"yes\" data-elementor-lightbox-title=\"sttv_2020_Europa Park_Plan1_2048_10\" data-e-action-hash=\"#elementor-action%3Aaction%3Dlightbox%26settings%3DeyJpZCI6IjEwNiIsInVybCI6Imh0dHBzOlwvXC93d3cuc3dpc3N0b3Vycy12b3lhZ2VzLmNoXC93cC1jb250ZW50XC91cGxvYWRzXC9zaXRlc1wvNlwvMjAyMVwvMDRcL3N0dHZfMjAyMF9FdXJvcGEtUGFya19QbGFuMV8yMDQ4XzEwLmpwZyJ9\">\n\t\t\t\t\t\t\t<img fetchpriority=\"high\" decoding=\"async\" width=\"800\" height=\"471\" src=\"https:\/\/www.swisstours-voyages.ch\/wp-content\/uploads\/sites\/6\/2021\/04\/sttv_2020_Europa-Park_Plan1_2048_10-1024x603.jpg\" class=\"attachment-large size-large wp-image-106\" alt=\"\" srcset=\"https:\/\/www.swisstours-voyages.ch\/wp-content\/uploads\/sites\/6\/2021\/04\/sttv_2020_Europa-Park_Plan1_2048_10-1024x603.jpg 1024w, https:\/\/www.swisstours-voyages.ch\/wp-content\/uploads\/sites\/6\/2021\/04\/sttv_2020_Europa-Park_Plan1_2048_10-300x177.jpg 300w, https:\/\/www.swisstours-voyages.ch\/wp-content\/uploads\/sites\/6\/2021\/04\/sttv_2020_Europa-Park_Plan1_2048_10-768x452.jpg 768w, https:\/\/www.swisstours-voyages.ch\/wp-content\/uploads\/sites\/6\/2021\/04\/sttv_2020_Europa-Park_Plan1_2048_10-1536x904.jpg 1536w, https:\/\/www.swisstours-voyages.ch\/wp-content\/uploads\/sites\/6\/2021\/04\/sttv_2020_Europa-Park_Plan1_2048_10.jpg 2048w\" sizes=\"(max-width: 800px) 100vw, 800px\" \/>\t\t\t\t\t\t\t\t<\/a>\n\t\t\t\t\t\t\t\t\t\t\t\t\t\t\t<\/div>\n\t\t\t\t<\/div>\n\t\t\t\t<div class=\"elementor-element elementor-element-6d0fb92 elementor-view-default elementor-widget elementor-widget-icon\" data-id=\"6d0fb92\" data-element_type=\"widget\" data-e-type=\"widget\" data-widget_type=\"icon.default\">\n\t\t\t\t<div class=\"elementor-widget-container\">\n\t\t\t\t\t\t\t<div class=\"elementor-icon-wrapper\">\n\t\t\t<a class=\"elementor-icon\" href=\"https:\/\/www.swisstours-voyages.ch\/wp-content\/uploads\/sites\/6\/2021\/04\/sttv_2020_Europa-Park_Plan1_org_1.pdf\" target=\"_blank\">\n\t\t\t<i aria-hidden=\"true\" class=\"far fa-file-pdf\"><\/i>\t\t\t<\/a>\n\t\t<\/div>\n\t\t\t\t\t\t<\/div>\n\t\t\t\t<\/div>\n\t\t\t\t\t<\/div>\n\t\t<\/div>\n\t\t\t\t\t<\/div>\n\t\t<\/section>\n\t\t\t\t<\/div>\n\t\t","protected":false},"excerpt":{"rendered":"<p>Pr\u00e9c\u00e9dent Suivant R\u00e9server ici \u00c0 Europa-Park, dans l\u2019univers aquatique Rulantica et dans les h\u00f4tels th\u00e9matiques, pas moins de 5 000 personnes travaillent chaque jour pour dessiner des sourires sur vos visages. Leur but est de vous concocter un s\u00e9jour inoubliable chez eux, dans le plus pur esprit de leur devise \u00ab S\u2019\u00e9vader. S\u2019\u00e9clater. Ensemble \u00bb. [&hellip;]<\/p>\n","protected":false},"author":3,"featured_media":0,"parent":0,"menu_order":0,"comment_status":"closed","ping_status":"closed","template":"","meta":{"footnotes":""},"class_list":["post-61","page","type-page","status-publish","hentry"],"yoast_head":"<!-- This site is optimized with the Yoast SEO plugin v27.5 - https:\/\/yoast.com\/product\/yoast-seo-wordpress\/ -->\n<title>Europa Park - Swisstours Voyages<\/title>\n<meta name=\"robots\" content=\"index, follow, max-snippet:-1, max-image-preview:large, max-video-preview:-1\" \/>\n<link rel=\"canonical\" href=\"https:\/\/www.swisstours-voyages.ch\/europa-park\/\" \/>\n<meta property=\"og:locale\" content=\"en_US\" \/>\n<meta property=\"og:type\" content=\"article\" \/>\n<meta property=\"og:title\" content=\"Europa Park - Swisstours Voyages\" \/>\n<meta property=\"og:description\" content=\"Pr\u00e9c\u00e9dent Suivant R\u00e9server ici \u00c0 Europa-Park, dans l\u2019univers aquatique Rulantica et dans les h\u00f4tels th\u00e9matiques, pas moins de 5 000 personnes travaillent chaque jour pour dessiner des sourires sur vos visages. Leur but est de vous concocter un s\u00e9jour inoubliable chez eux, dans le plus pur esprit de leur devise \u00ab S\u2019\u00e9vader. S\u2019\u00e9clater. Ensemble \u00bb. [&hellip;]\" \/>\n<meta property=\"og:url\" content=\"https:\/\/www.swisstours-voyages.ch\/en\/europa-park\/\" \/>\n<meta property=\"og:site_name\" content=\"Swisstours Voyages\" \/>\n<meta property=\"article:modified_time\" content=\"2021-04-03T12:25:57+00:00\" \/>\n<meta property=\"og:image\" content=\"https:\/\/www.swisstours-voyages.ch\/wp-content\/uploads\/sites\/6\/2021\/04\/sttv_2020_Europa-Park6_2048_10-1.jpg\" \/>\n<meta name=\"twitter:card\" content=\"summary_large_image\" \/>\n<meta name=\"twitter:label1\" content=\"Est. reading time\" \/>\n\t<meta name=\"twitter:data1\" content=\"1 minute\" \/>\n<script type=\"application\/ld+json\" class=\"yoast-schema-graph\">{\"@context\":\"https:\\\/\\\/schema.org\",\"@graph\":[{\"@type\":\"WebPage\",\"@id\":\"https:\\\/\\\/www.swisstours-voyages.ch\\\/europa-park\\\/\",\"url\":\"https:\\\/\\\/www.swisstours-voyages.ch\\\/europa-park\\\/\",\"name\":\"Europa Park - Swisstours Voyages\",\"isPartOf\":{\"@id\":\"https:\\\/\\\/www.swisstours-voyages.ch\\\/#website\"},\"primaryImageOfPage\":{\"@id\":\"https:\\\/\\\/www.swisstours-voyages.ch\\\/europa-park\\\/#primaryimage\"},\"image\":{\"@id\":\"https:\\\/\\\/www.swisstours-voyages.ch\\\/europa-park\\\/#primaryimage\"},\"thumbnailUrl\":\"https:\\\/\\\/www.swisstours-voyages.ch\\\/wp-content\\\/uploads\\\/sites\\\/6\\\/2021\\\/04\\\/sttv_2020_Europa-Park6_2048_10-1.jpg\",\"datePublished\":\"2021-04-01T10:17:55+00:00\",\"dateModified\":\"2021-04-03T12:25:57+00:00\",\"breadcrumb\":{\"@id\":\"https:\\\/\\\/www.swisstours-voyages.ch\\\/europa-park\\\/#breadcrumb\"},\"inLanguage\":\"en-US\",\"potentialAction\":[{\"@type\":\"ReadAction\",\"target\":[\"https:\\\/\\\/www.swisstours-voyages.ch\\\/europa-park\\\/\"]}]},{\"@type\":\"ImageObject\",\"inLanguage\":\"en-US\",\"@id\":\"https:\\\/\\\/www.swisstours-voyages.ch\\\/europa-park\\\/#primaryimage\",\"url\":\"https:\\\/\\\/www.swisstours-voyages.ch\\\/wp-content\\\/uploads\\\/sites\\\/6\\\/2021\\\/04\\\/sttv_2020_Europa-Park6_2048_10-1.jpg\",\"contentUrl\":\"https:\\\/\\\/www.swisstours-voyages.ch\\\/wp-content\\\/uploads\\\/sites\\\/6\\\/2021\\\/04\\\/sttv_2020_Europa-Park6_2048_10-1.jpg\"},{\"@type\":\"BreadcrumbList\",\"@id\":\"https:\\\/\\\/www.swisstours-voyages.ch\\\/europa-park\\\/#breadcrumb\",\"itemListElement\":[{\"@type\":\"ListItem\",\"position\":1,\"name\":\"Accueil\",\"item\":\"https:\\\/\\\/www.swisstours-voyages.ch\\\/en\\\/\"},{\"@type\":\"ListItem\",\"position\":2,\"name\":\"Europa Park\"}]},{\"@type\":\"WebSite\",\"@id\":\"https:\\\/\\\/www.swisstours-voyages.ch\\\/#website\",\"url\":\"https:\\\/\\\/www.swisstours-voyages.ch\\\/\",\"name\":\"Swisstours Voyages\",\"description\":\"\",\"publisher\":{\"@id\":\"https:\\\/\\\/www.swisstours-voyages.ch\\\/#organization\"},\"potentialAction\":[{\"@type\":\"SearchAction\",\"target\":{\"@type\":\"EntryPoint\",\"urlTemplate\":\"https:\\\/\\\/www.swisstours-voyages.ch\\\/?s={search_term_string}\"},\"query-input\":{\"@type\":\"PropertyValueSpecification\",\"valueRequired\":true,\"valueName\":\"search_term_string\"}}],\"inLanguage\":\"en-US\"},{\"@type\":\"Organization\",\"@id\":\"https:\\\/\\\/www.swisstours-voyages.ch\\\/#organization\",\"name\":\"Swisstours Voyages\",\"url\":\"https:\\\/\\\/www.swisstours-voyages.ch\\\/\",\"logo\":{\"@type\":\"ImageObject\",\"inLanguage\":\"en-US\",\"@id\":\"https:\\\/\\\/www.swisstours-voyages.ch\\\/#\\\/schema\\\/logo\\\/image\\\/\",\"url\":\"https:\\\/\\\/www.swisstours-voyages.ch\\\/wp-content\\\/uploads\\\/sites\\\/6\\\/2021\\\/04\\\/cropped-Swisstours-voyages.png\",\"contentUrl\":\"https:\\\/\\\/www.swisstours-voyages.ch\\\/wp-content\\\/uploads\\\/sites\\\/6\\\/2021\\\/04\\\/cropped-Swisstours-voyages.png\",\"width\":2690,\"height\":611,\"caption\":\"Swisstours Voyages\"},\"image\":{\"@id\":\"https:\\\/\\\/www.swisstours-voyages.ch\\\/#\\\/schema\\\/logo\\\/image\\\/\"}}]}<\/script>\n<!-- \/ Yoast SEO plugin. -->","yoast_head_json":{"title":"Europa Park - Swisstours Voyages","robots":{"index":"index","follow":"follow","max-snippet":"max-snippet:-1","max-image-preview":"max-image-preview:large","max-video-preview":"max-video-preview:-1"},"canonical":"https:\/\/www.swisstours-voyages.ch\/europa-park\/","og_locale":"en_US","og_type":"article","og_title":"Europa Park - Swisstours Voyages","og_description":"Pr\u00e9c\u00e9dent Suivant R\u00e9server ici \u00c0 Europa-Park, dans l\u2019univers aquatique Rulantica et dans les h\u00f4tels th\u00e9matiques, pas moins de 5 000 personnes travaillent chaque jour pour dessiner des sourires sur vos visages. Leur but est de vous concocter un s\u00e9jour inoubliable chez eux, dans le plus pur esprit de leur devise \u00ab S\u2019\u00e9vader. S\u2019\u00e9clater. Ensemble \u00bb. [&hellip;]","og_url":"https:\/\/www.swisstours-voyages.ch\/en\/europa-park\/","og_site_name":"Swisstours Voyages","article_modified_time":"2021-04-03T12:25:57+00:00","og_image":[{"url":"https:\/\/www.swisstours-voyages.ch\/wp-content\/uploads\/sites\/6\/2021\/04\/sttv_2020_Europa-Park6_2048_10-1.jpg","type":"","width":"","height":""}],"twitter_card":"summary_large_image","twitter_misc":{"Est. reading time":"1 minute"},"schema":{"@context":"https:\/\/schema.org","@graph":[{"@type":"WebPage","@id":"https:\/\/www.swisstours-voyages.ch\/europa-park\/","url":"https:\/\/www.swisstours-voyages.ch\/europa-park\/","name":"Europa Park - Swisstours Voyages","isPartOf":{"@id":"https:\/\/www.swisstours-voyages.ch\/#website"},"primaryImageOfPage":{"@id":"https:\/\/www.swisstours-voyages.ch\/europa-park\/#primaryimage"},"image":{"@id":"https:\/\/www.swisstours-voyages.ch\/europa-park\/#primaryimage"},"thumbnailUrl":"https:\/\/www.swisstours-voyages.ch\/wp-content\/uploads\/sites\/6\/2021\/04\/sttv_2020_Europa-Park6_2048_10-1.jpg","datePublished":"2021-04-01T10:17:55+00:00","dateModified":"2021-04-03T12:25:57+00:00","breadcrumb":{"@id":"https:\/\/www.swisstours-voyages.ch\/europa-park\/#breadcrumb"},"inLanguage":"en-US","potentialAction":[{"@type":"ReadAction","target":["https:\/\/www.swisstours-voyages.ch\/europa-park\/"]}]},{"@type":"ImageObject","inLanguage":"en-US","@id":"https:\/\/www.swisstours-voyages.ch\/europa-park\/#primaryimage","url":"https:\/\/www.swisstours-voyages.ch\/wp-content\/uploads\/sites\/6\/2021\/04\/sttv_2020_Europa-Park6_2048_10-1.jpg","contentUrl":"https:\/\/www.swisstours-voyages.ch\/wp-content\/uploads\/sites\/6\/2021\/04\/sttv_2020_Europa-Park6_2048_10-1.jpg"},{"@type":"BreadcrumbList","@id":"https:\/\/www.swisstours-voyages.ch\/europa-park\/#breadcrumb","itemListElement":[{"@type":"ListItem","position":1,"name":"Accueil","item":"https:\/\/www.swisstours-voyages.ch\/en\/"},{"@type":"ListItem","position":2,"name":"Europa Park"}]},{"@type":"WebSite","@id":"https:\/\/www.swisstours-voyages.ch\/#website","url":"https:\/\/www.swisstours-voyages.ch\/","name":"Swisstours Voyages","description":"","publisher":{"@id":"https:\/\/www.swisstours-voyages.ch\/#organization"},"potentialAction":[{"@type":"SearchAction","target":{"@type":"EntryPoint","urlTemplate":"https:\/\/www.swisstours-voyages.ch\/?s={search_term_string}"},"query-input":{"@type":"PropertyValueSpecification","valueRequired":true,"valueName":"search_term_string"}}],"inLanguage":"en-US"},{"@type":"Organization","@id":"https:\/\/www.swisstours-voyages.ch\/#organization","name":"Swisstours Voyages","url":"https:\/\/www.swisstours-voyages.ch\/","logo":{"@type":"ImageObject","inLanguage":"en-US","@id":"https:\/\/www.swisstours-voyages.ch\/#\/schema\/logo\/image\/","url":"https:\/\/www.swisstours-voyages.ch\/wp-content\/uploads\/sites\/6\/2021\/04\/cropped-Swisstours-voyages.png","contentUrl":"https:\/\/www.swisstours-voyages.ch\/wp-content\/uploads\/sites\/6\/2021\/04\/cropped-Swisstours-voyages.png","width":2690,"height":611,"caption":"Swisstours Voyages"},"image":{"@id":"https:\/\/www.swisstours-voyages.ch\/#\/schema\/logo\/image\/"}}]}},"meta_box":[],"distributor_meta":false,"distributor_terms":false,"distributor_media":false,"distributor_original_site_name":"Swisstours Voyages","distributor_original_site_url":"https:\/\/www.swisstours-voyages.ch\/en\/","push-errors":false,"_links":{"self":[{"href":"https:\/\/www.swisstours-voyages.ch\/en\/wp-json\/wp\/v2\/pages\/61","targetHints":{"allow":["GET"]}}],"collection":[{"href":"https:\/\/www.swisstours-voyages.ch\/en\/wp-json\/wp\/v2\/pages"}],"about":[{"href":"https:\/\/www.swisstours-voyages.ch\/en\/wp-json\/wp\/v2\/types\/page"}],"author":[{"embeddable":true,"href":"https:\/\/www.swisstours-voyages.ch\/en\/wp-json\/wp\/v2\/users\/3"}],"replies":[{"embeddable":true,"href":"https:\/\/www.swisstours-voyages.ch\/en\/wp-json\/wp\/v2\/comments?post=61"}],"version-history":[{"count":46,"href":"https:\/\/www.swisstours-voyages.ch\/en\/wp-json\/wp\/v2\/pages\/61\/revisions"}],"predecessor-version":[{"id":344,"href":"https:\/\/www.swisstours-voyages.ch\/en\/wp-json\/wp\/v2\/pages\/61\/revisions\/344"}],"wp:attachment":[{"href":"https:\/\/www.swisstours-voyages.ch\/en\/wp-json\/wp\/v2\/media?parent=61"}],"curies":[{"name":"wp","href":"https:\/\/api.w.org\/{rel}","templated":true}]}}